{"id":624,"date":"2025-10-08T16:36:04","date_gmt":"2025-10-08T14:36:04","guid":{"rendered":"https:\/\/mmonnin.eleves.mediamatique.ch\/eportfolio_matis_monnin\/?page_id=624"},"modified":"2025-11-19T13:39:41","modified_gmt":"2025-11-19T12:39:41","slug":"page_projet_affiche_podcast_1","status":"publish","type":"page","link":"https:\/\/mmonnin.eleves.mediamatique.ch\/eportfolio_matis_monnin\/page_projet_affiche_podcast_1\/","title":{"rendered":"page_projet_affiche_podcast_1"},"content":{"rendered":"\t\t<div data-elementor-type=\"wp-page\" data-elementor-id=\"624\" class=\"elementor elementor-624\" data-elementor-post-type=\"page\">\n\t\t\t\t<div class=\"elementor-element elementor-element-afee4a8 e-flex e-con-boxed e-con e-parent\" data-id=\"afee4a8\" data-element_type=\"container\" data-settings=\"{&quot;background_background&quot;:&quot;classic&quot;}\">\n\t\t\t\t\t<div class=\"e-con-inner\">\n\t\t<div class=\"elementor-element elementor-element-d5f6e05 e-con-full e-flex e-con e-child\" data-id=\"d5f6e05\" data-element_type=\"container\">\n\t\t\t\t<div class=\"elementor-element elementor-element-c09def7 elementor-widget elementor-widget-image\" data-id=\"c09def7\" data-element_type=\"widget\" data-widget_type=\"image.default\">\n\t\t\t\t\t\t\t\t\t\t\t\t\t\t\t<img fetchpriority=\"high\" decoding=\"async\" width=\"724\" height=\"1024\" src=\"https:\/\/mmonnin.eleves.mediamatique.ch\/eportfolio_matis_monnin\/wp-content\/uploads\/2025\/09\/affiche-rock-724x1024.jpg\" class=\"attachment-large size-large wp-image-183\" alt=\"\" srcset=\"https:\/\/mmonnin.eleves.mediamatique.ch\/eportfolio_matis_monnin\/wp-content\/uploads\/2025\/09\/affiche-rock-724x1024.jpg 724w, https:\/\/mmonnin.eleves.mediamatique.ch\/eportfolio_matis_monnin\/wp-content\/uploads\/2025\/09\/affiche-rock-212x300.jpg 212w, https:\/\/mmonnin.eleves.mediamatique.ch\/eportfolio_matis_monnin\/wp-content\/uploads\/2025\/09\/affiche-rock-768x1086.jpg 768w, https:\/\/mmonnin.eleves.mediamatique.ch\/eportfolio_matis_monnin\/wp-content\/uploads\/2025\/09\/affiche-rock.jpg 842w\" sizes=\"(max-width: 724px) 100vw, 724px\" \/>\t\t\t\t\t\t\t\t\t\t\t\t\t\t\t<\/div>\n\t\t\t\t<\/div>\n\t\t<div class=\"elementor-element elementor-element-38634c5 e-con-full e-flex e-con e-child\" data-id=\"38634c5\" data-element_type=\"container\">\n\t\t\t\t<div class=\"elementor-element elementor-element-eb79502 elementor-widget elementor-widget-heading\" data-id=\"eb79502\" data-element_type=\"widget\" data-widget_type=\"heading.default\">\n\t\t\t\t\t<h2 class=\"elementor-heading-title elementor-size-default\">Affiche de podcast\u200b<\/h2>\t\t\t\t<\/div>\n\t\t\t\t<div class=\"elementor-element elementor-element-29c3ebf elementor-widget elementor-widget-text-editor\" data-id=\"29c3ebf\" data-element_type=\"widget\" data-widget_type=\"text-editor.default\">\n\t\t\t\t\t\t\t\t\t<p data-start=\"151\" data-end=\"325\">Dans le cadre d\u2019un <strong data-start=\"170\" data-end=\"189\">projet scolaire<\/strong>, j\u2019ai r\u00e9alis\u00e9 une <strong data-start=\"208\" data-end=\"234\">affiche promotionnelle<\/strong> pour un \u00e9pisode sp\u00e9cial du podcast <em data-start=\"270\" data-end=\"292\">Les Origines du Rock<\/em>, consacr\u00e9 \u00e0 <strong data-start=\"305\" data-end=\"322\">Elvis Presley<\/strong>.<\/p><p data-start=\"151\" data-end=\"325\">\u00a0<\/p><p data-start=\"327\" data-end=\"573\">Con\u00e7ue avec <strong data-start=\"339\" data-end=\"357\">Adobe InDesign<\/strong>, cette cr\u00e9ation rend hommage \u00e0 l\u2019\u00e9nergie et \u00e0 l\u2019esth\u00e9tique du <strong data-start=\"420\" data-end=\"437\">rock \u2019n\u2019 roll<\/strong>, \u00e0 travers une <strong data-start=\"453\" data-end=\"492\">composition dynamique et \u00e9quilibr\u00e9e<\/strong>, m\u00ealant <strong data-start=\"501\" data-end=\"540\">guitare \u00e9lectrique, disques vinyles<\/strong> et <strong data-start=\"544\" data-end=\"570\">typographie audacieuse<\/strong>.<\/p><p data-start=\"327\" data-end=\"573\">\u00a0<\/p><p data-start=\"575\" data-end=\"755\">L\u2019objectif \u00e9tait de <strong data-start=\"595\" data-end=\"626\">capturer l\u2019esprit du \u201cKing\u201d<\/strong> et de traduire visuellement la <strong data-start=\"658\" data-end=\"706\">passion, le mouvement et la puissance sonore<\/strong> qui ont marqu\u00e9 l\u2019histoire du <strong data-start=\"736\" data-end=\"752\">rock moderne.<\/strong><\/p>\t\t\t\t\t\t\t\t<\/div>\n\t\t\t\t<div class=\"elementor-element elementor-element-281757d elementor-widget elementor-widget-heading\" data-id=\"281757d\" data-element_type=\"widget\" data-widget_type=\"heading.default\">\n\t\t\t\t\t<h2 class=\"elementor-heading-title elementor-size-default\">les comp\u00e9tences utilis\u00e9es<\/h2>\t\t\t\t<\/div>\n\t\t\t\t<div class=\"elementor-element elementor-element-bd73f57 elementor-widget elementor-widget-html\" data-id=\"bd73f57\" data-element_type=\"widget\" data-widget_type=\"html.default\">\n\t\t\t\t\t<div class=\"skills-section\">\r\n  <div class=\"skill-card\">\r\n    <ul>\r\n\r\n      <li class=\"ic-indesign\">InDesign<\/li>\r\n    <\/ul>\r\n  <\/div>\r\n<\/div>\r\n\t\t\t\t<\/div>\n\t\t\t\t<div class=\"elementor-element elementor-element-8940de3 contact-btn elementor-align-center elementor-widget elementor-widget-button\" data-id=\"8940de3\" data-element_type=\"widget\" data-widget_type=\"button.default\">\n\t\t\t\t\t\t\t\t\t\t<a class=\"elementor-button elementor-button-link elementor-size-sm\" href=\"https:\/\/mmonnin.eleves.mediamatique.ch\/images_eportfolio_lien\/affiche%20rock.pdf\" target=\"_blank\">\n\t\t\t\t\t\t<span class=\"elementor-button-content-wrapper\">\n\t\t\t\t\t\t\t\t\t<span class=\"elementor-button-text\">D\u00e9couvrir le projet complet<\/span>\n\t\t\t\t\t<\/span>\n\t\t\t\t\t<\/a>\n\t\t\t\t\t\t\t\t<\/div>\n\t\t\t\t<\/div>\n\t\t\t\t\t<\/div>\n\t\t\t\t<\/div>\n\t\t\t\t<\/div>\n\t\t","protected":false},"excerpt":{"rendered":"<p>Affiche de podcast\u200b Dans le cadre d\u2019un projet scolaire, j\u2019ai r\u00e9alis\u00e9 une affiche promotionnelle pour un \u00e9pisode sp\u00e9cial du podcast Les Origines du Rock, consacr\u00e9 \u00e0 Elvis Presley. \u00a0 Con\u00e7ue avec Adobe InDesign, cette cr\u00e9ation rend hommage \u00e0 l\u2019\u00e9nergie et \u00e0 l\u2019esth\u00e9tique du rock \u2019n\u2019 roll, \u00e0 travers une composition dynamique et \u00e9quilibr\u00e9e, m\u00ealant guitare [&hellip;]<\/p>\n","protected":false},"author":1,"featured_media":0,"parent":0,"menu_order":0,"comment_status":"closed","ping_status":"closed","template":"","meta":{"footnotes":""},"class_list":["post-624","page","type-page","status-publish","hentry"],"yoast_head":"<!-- This site is optimized with the Yoast SEO plugin v26.0 - https:\/\/yoast.com\/wordpress\/plugins\/seo\/ -->\n<title>page_projet_affiche_podcast_1 - e-portfolio matis monnin<\/title>\n<meta name=\"robots\" content=\"index, follow, max-snippet:-1, max-image-preview:large, max-video-preview:-1\" \/>\n<link rel=\"canonical\" href=\"https:\/\/mmonnin.eleves.mediamatique.ch\/eportfolio_matis_monnin\/page_projet_affiche_podcast_1\/\" \/>\n<meta property=\"og:locale\" content=\"fr_FR\" \/>\n<meta property=\"og:type\" content=\"article\" \/>\n<meta property=\"og:title\" content=\"page_projet_affiche_podcast_1 - e-portfolio matis monnin\" \/>\n<meta property=\"og:description\" content=\"Affiche de podcast\u200b Dans le cadre d\u2019un projet scolaire, j\u2019ai r\u00e9alis\u00e9 une affiche promotionnelle pour un \u00e9pisode sp\u00e9cial du podcast Les Origines du Rock, consacr\u00e9 \u00e0 Elvis Presley. \u00a0 Con\u00e7ue avec Adobe InDesign, cette cr\u00e9ation rend hommage \u00e0 l\u2019\u00e9nergie et \u00e0 l\u2019esth\u00e9tique du rock \u2019n\u2019 roll, \u00e0 travers une composition dynamique et \u00e9quilibr\u00e9e, m\u00ealant guitare [&hellip;]\" \/>\n<meta property=\"og:url\" content=\"https:\/\/mmonnin.eleves.mediamatique.ch\/eportfolio_matis_monnin\/page_projet_affiche_podcast_1\/\" \/>\n<meta property=\"og:site_name\" content=\"e-portfolio matis monnin\" \/>\n<meta property=\"article:modified_time\" content=\"2025-11-19T12:39:41+00:00\" \/>\n<meta property=\"og:image\" content=\"https:\/\/mmonnin.eleves.mediamatique.ch\/eportfolio_matis_monnin\/wp-content\/uploads\/2025\/09\/affiche-rock.jpg\" \/>\n\t<meta property=\"og:image:width\" content=\"842\" \/>\n\t<meta property=\"og:image:height\" content=\"1191\" \/>\n\t<meta property=\"og:image:type\" content=\"image\/jpeg\" \/>\n<meta name=\"twitter:card\" content=\"summary_large_image\" \/>\n<meta name=\"twitter:label1\" content=\"Dur\u00e9e de lecture estim\u00e9e\" \/>\n\t<meta name=\"twitter:data1\" content=\"1 minute\" \/>\n<script type=\"application\/ld+json\" class=\"yoast-schema-graph\">{\"@context\":\"https:\/\/schema.org\",\"@graph\":[{\"@type\":\"WebPage\",\"@id\":\"https:\/\/mmonnin.eleves.mediamatique.ch\/eportfolio_matis_monnin\/page_projet_affiche_podcast_1\/\",\"url\":\"https:\/\/mmonnin.eleves.mediamatique.ch\/eportfolio_matis_monnin\/page_projet_affiche_podcast_1\/\",\"name\":\"page_projet_affiche_podcast_1 - e-portfolio matis monnin\",\"isPartOf\":{\"@id\":\"https:\/\/mmonnin.eleves.mediamatique.ch\/eportfolio_matis_monnin\/#website\"},\"primaryImageOfPage\":{\"@id\":\"https:\/\/mmonnin.eleves.mediamatique.ch\/eportfolio_matis_monnin\/page_projet_affiche_podcast_1\/#primaryimage\"},\"image\":{\"@id\":\"https:\/\/mmonnin.eleves.mediamatique.ch\/eportfolio_matis_monnin\/page_projet_affiche_podcast_1\/#primaryimage\"},\"thumbnailUrl\":\"https:\/\/mmonnin.eleves.mediamatique.ch\/eportfolio_matis_monnin\/wp-content\/uploads\/2025\/09\/affiche-rock-724x1024.jpg\",\"datePublished\":\"2025-10-08T14:36:04+00:00\",\"dateModified\":\"2025-11-19T12:39:41+00:00\",\"breadcrumb\":{\"@id\":\"https:\/\/mmonnin.eleves.mediamatique.ch\/eportfolio_matis_monnin\/page_projet_affiche_podcast_1\/#breadcrumb\"},\"inLanguage\":\"fr-FR\",\"potentialAction\":[{\"@type\":\"ReadAction\",\"target\":[\"https:\/\/mmonnin.eleves.mediamatique.ch\/eportfolio_matis_monnin\/page_projet_affiche_podcast_1\/\"]}]},{\"@type\":\"ImageObject\",\"inLanguage\":\"fr-FR\",\"@id\":\"https:\/\/mmonnin.eleves.mediamatique.ch\/eportfolio_matis_monnin\/page_projet_affiche_podcast_1\/#primaryimage\",\"url\":\"https:\/\/mmonnin.eleves.mediamatique.ch\/eportfolio_matis_monnin\/wp-content\/uploads\/2025\/09\/affiche-rock.jpg\",\"contentUrl\":\"https:\/\/mmonnin.eleves.mediamatique.ch\/eportfolio_matis_monnin\/wp-content\/uploads\/2025\/09\/affiche-rock.jpg\",\"width\":842,\"height\":1191},{\"@type\":\"BreadcrumbList\",\"@id\":\"https:\/\/mmonnin.eleves.mediamatique.ch\/eportfolio_matis_monnin\/page_projet_affiche_podcast_1\/#breadcrumb\",\"itemListElement\":[{\"@type\":\"ListItem\",\"position\":1,\"name\":\"Accueil\",\"item\":\"https:\/\/mmonnin.eleves.mediamatique.ch\/eportfolio_matis_monnin\/\"},{\"@type\":\"ListItem\",\"position\":2,\"name\":\"page_projet_affiche_podcast_1\"}]},{\"@type\":\"WebSite\",\"@id\":\"https:\/\/mmonnin.eleves.mediamatique.ch\/eportfolio_matis_monnin\/#website\",\"url\":\"https:\/\/mmonnin.eleves.mediamatique.ch\/eportfolio_matis_monnin\/\",\"name\":\"e-portfolio matis monnin\",\"description\":\"\",\"potentialAction\":[{\"@type\":\"SearchAction\",\"target\":{\"@type\":\"EntryPoint\",\"urlTemplate\":\"https:\/\/mmonnin.eleves.mediamatique.ch\/eportfolio_matis_monnin\/?s={search_term_string}\"},\"query-input\":{\"@type\":\"PropertyValueSpecification\",\"valueRequired\":true,\"valueName\":\"search_term_string\"}}],\"inLanguage\":\"fr-FR\"}]}<\/script>\n<!-- \/ Yoast SEO plugin. -->","yoast_head_json":{"title":"page_projet_affiche_podcast_1 - e-portfolio matis monnin","robots":{"index":"index","follow":"follow","max-snippet":"max-snippet:-1","max-image-preview":"max-image-preview:large","max-video-preview":"max-video-preview:-1"},"canonical":"https:\/\/mmonnin.eleves.mediamatique.ch\/eportfolio_matis_monnin\/page_projet_affiche_podcast_1\/","og_locale":"fr_FR","og_type":"article","og_title":"page_projet_affiche_podcast_1 - e-portfolio matis monnin","og_description":"Affiche de podcast\u200b Dans le cadre d\u2019un projet scolaire, j\u2019ai r\u00e9alis\u00e9 une affiche promotionnelle pour un \u00e9pisode sp\u00e9cial du podcast Les Origines du Rock, consacr\u00e9 \u00e0 Elvis Presley. \u00a0 Con\u00e7ue avec Adobe InDesign, cette cr\u00e9ation rend hommage \u00e0 l\u2019\u00e9nergie et \u00e0 l\u2019esth\u00e9tique du rock \u2019n\u2019 roll, \u00e0 travers une composition dynamique et \u00e9quilibr\u00e9e, m\u00ealant guitare [&hellip;]","og_url":"https:\/\/mmonnin.eleves.mediamatique.ch\/eportfolio_matis_monnin\/page_projet_affiche_podcast_1\/","og_site_name":"e-portfolio matis monnin","article_modified_time":"2025-11-19T12:39:41+00:00","og_image":[{"width":842,"height":1191,"url":"https:\/\/mmonnin.eleves.mediamatique.ch\/eportfolio_matis_monnin\/wp-content\/uploads\/2025\/09\/affiche-rock.jpg","type":"image\/jpeg"}],"twitter_card":"summary_large_image","twitter_misc":{"Dur\u00e9e de lecture estim\u00e9e":"1 minute"},"schema":{"@context":"https:\/\/schema.org","@graph":[{"@type":"WebPage","@id":"https:\/\/mmonnin.eleves.mediamatique.ch\/eportfolio_matis_monnin\/page_projet_affiche_podcast_1\/","url":"https:\/\/mmonnin.eleves.mediamatique.ch\/eportfolio_matis_monnin\/page_projet_affiche_podcast_1\/","name":"page_projet_affiche_podcast_1 - e-portfolio matis monnin","isPartOf":{"@id":"https:\/\/mmonnin.eleves.mediamatique.ch\/eportfolio_matis_monnin\/#website"},"primaryImageOfPage":{"@id":"https:\/\/mmonnin.eleves.mediamatique.ch\/eportfolio_matis_monnin\/page_projet_affiche_podcast_1\/#primaryimage"},"image":{"@id":"https:\/\/mmonnin.eleves.mediamatique.ch\/eportfolio_matis_monnin\/page_projet_affiche_podcast_1\/#primaryimage"},"thumbnailUrl":"https:\/\/mmonnin.eleves.mediamatique.ch\/eportfolio_matis_monnin\/wp-content\/uploads\/2025\/09\/affiche-rock-724x1024.jpg","datePublished":"2025-10-08T14:36:04+00:00","dateModified":"2025-11-19T12:39:41+00:00","breadcrumb":{"@id":"https:\/\/mmonnin.eleves.mediamatique.ch\/eportfolio_matis_monnin\/page_projet_affiche_podcast_1\/#breadcrumb"},"inLanguage":"fr-FR","potentialAction":[{"@type":"ReadAction","target":["https:\/\/mmonnin.eleves.mediamatique.ch\/eportfolio_matis_monnin\/page_projet_affiche_podcast_1\/"]}]},{"@type":"ImageObject","inLanguage":"fr-FR","@id":"https:\/\/mmonnin.eleves.mediamatique.ch\/eportfolio_matis_monnin\/page_projet_affiche_podcast_1\/#primaryimage","url":"https:\/\/mmonnin.eleves.mediamatique.ch\/eportfolio_matis_monnin\/wp-content\/uploads\/2025\/09\/affiche-rock.jpg","contentUrl":"https:\/\/mmonnin.eleves.mediamatique.ch\/eportfolio_matis_monnin\/wp-content\/uploads\/2025\/09\/affiche-rock.jpg","width":842,"height":1191},{"@type":"BreadcrumbList","@id":"https:\/\/mmonnin.eleves.mediamatique.ch\/eportfolio_matis_monnin\/page_projet_affiche_podcast_1\/#breadcrumb","itemListElement":[{"@type":"ListItem","position":1,"name":"Accueil","item":"https:\/\/mmonnin.eleves.mediamatique.ch\/eportfolio_matis_monnin\/"},{"@type":"ListItem","position":2,"name":"page_projet_affiche_podcast_1"}]},{"@type":"WebSite","@id":"https:\/\/mmonnin.eleves.mediamatique.ch\/eportfolio_matis_monnin\/#website","url":"https:\/\/mmonnin.eleves.mediamatique.ch\/eportfolio_matis_monnin\/","name":"e-portfolio matis monnin","description":"","potentialAction":[{"@type":"SearchAction","target":{"@type":"EntryPoint","urlTemplate":"https:\/\/mmonnin.eleves.mediamatique.ch\/eportfolio_matis_monnin\/?s={search_term_string}"},"query-input":{"@type":"PropertyValueSpecification","valueRequired":true,"valueName":"search_term_string"}}],"inLanguage":"fr-FR"}]}},"_links":{"self":[{"href":"https:\/\/mmonnin.eleves.mediamatique.ch\/eportfolio_matis_monnin\/wp-json\/wp\/v2\/pages\/624","targetHints":{"allow":["GET"]}}],"collection":[{"href":"https:\/\/mmonnin.eleves.mediamatique.ch\/eportfolio_matis_monnin\/wp-json\/wp\/v2\/pages"}],"about":[{"href":"https:\/\/mmonnin.eleves.mediamatique.ch\/eportfolio_matis_monnin\/wp-json\/wp\/v2\/types\/page"}],"author":[{"embeddable":true,"href":"https:\/\/mmonnin.eleves.mediamatique.ch\/eportfolio_matis_monnin\/wp-json\/wp\/v2\/users\/1"}],"replies":[{"embeddable":true,"href":"https:\/\/mmonnin.eleves.mediamatique.ch\/eportfolio_matis_monnin\/wp-json\/wp\/v2\/comments?post=624"}],"version-history":[{"count":31,"href":"https:\/\/mmonnin.eleves.mediamatique.ch\/eportfolio_matis_monnin\/wp-json\/wp\/v2\/pages\/624\/revisions"}],"predecessor-version":[{"id":1013,"href":"https:\/\/mmonnin.eleves.mediamatique.ch\/eportfolio_matis_monnin\/wp-json\/wp\/v2\/pages\/624\/revisions\/1013"}],"wp:attachment":[{"href":"https:\/\/mmonnin.eleves.mediamatique.ch\/eportfolio_matis_monnin\/wp-json\/wp\/v2\/media?parent=624"}],"curies":[{"name":"wp","href":"https:\/\/api.w.org\/{rel}","templated":true}]}}