{"id":609,"date":"2025-10-08T16:28:55","date_gmt":"2025-10-08T14:28:55","guid":{"rendered":"https:\/\/mmonnin.eleves.mediamatique.ch\/eportfolio_matis_monnin\/?page_id=609"},"modified":"2025-11-19T13:40:48","modified_gmt":"2025-11-19T12:40:48","slug":"portrait-chester-bennington","status":"publish","type":"page","link":"https:\/\/mmonnin.eleves.mediamatique.ch\/eportfolio_matis_monnin\/portrait-chester-bennington\/","title":{"rendered":"page_portait_chester"},"content":{"rendered":"\t\t<div data-elementor-type=\"wp-page\" data-elementor-id=\"609\" class=\"elementor elementor-609\" data-elementor-post-type=\"page\">\n\t\t\t\t<div class=\"elementor-element elementor-element-2915190 e-flex e-con-boxed e-con e-parent\" data-id=\"2915190\" data-element_type=\"container\" data-settings=\"{&quot;background_background&quot;:&quot;classic&quot;}\">\n\t\t\t\t\t<div class=\"e-con-inner\">\n\t\t<div class=\"elementor-element elementor-element-ca1421d e-con-full e-flex e-con e-child\" data-id=\"ca1421d\" data-element_type=\"container\">\n\t\t\t\t<div class=\"elementor-element elementor-element-0d2811d elementor-widget elementor-widget-image\" data-id=\"0d2811d\" data-element_type=\"widget\" data-widget_type=\"image.default\">\n\t\t\t\t\t\t\t\t\t\t\t\t\t\t\t<img fetchpriority=\"high\" decoding=\"async\" width=\"724\" height=\"1024\" src=\"https:\/\/mmonnin.eleves.mediamatique.ch\/eportfolio_matis_monnin\/wp-content\/uploads\/2025\/09\/chester-lettre-724x1024.jpg\" class=\"attachment-large size-large wp-image-165\" alt=\"\" srcset=\"https:\/\/mmonnin.eleves.mediamatique.ch\/eportfolio_matis_monnin\/wp-content\/uploads\/2025\/09\/chester-lettre-724x1024.jpg 724w, https:\/\/mmonnin.eleves.mediamatique.ch\/eportfolio_matis_monnin\/wp-content\/uploads\/2025\/09\/chester-lettre-212x300.jpg 212w, https:\/\/mmonnin.eleves.mediamatique.ch\/eportfolio_matis_monnin\/wp-content\/uploads\/2025\/09\/chester-lettre-768x1086.jpg 768w, https:\/\/mmonnin.eleves.mediamatique.ch\/eportfolio_matis_monnin\/wp-content\/uploads\/2025\/09\/chester-lettre-1086x1536.jpg 1086w, https:\/\/mmonnin.eleves.mediamatique.ch\/eportfolio_matis_monnin\/wp-content\/uploads\/2025\/09\/chester-lettre-1448x2048.jpg 1448w, https:\/\/mmonnin.eleves.mediamatique.ch\/eportfolio_matis_monnin\/wp-content\/uploads\/2025\/09\/chester-lettre-scaled.jpg 1810w\" sizes=\"(max-width: 724px) 100vw, 724px\" \/>\t\t\t\t\t\t\t\t\t\t\t\t\t\t\t<\/div>\n\t\t\t\t<\/div>\n\t\t<div class=\"elementor-element elementor-element-314df5e e-con-full e-flex e-con e-child\" data-id=\"314df5e\" data-element_type=\"container\">\n\t\t\t\t<div class=\"elementor-element elementor-element-c66af9f elementor-widget elementor-widget-heading\" data-id=\"c66af9f\" data-element_type=\"widget\" data-widget_type=\"heading.default\">\n\t\t\t\t\t<h2 class=\"elementor-heading-title elementor-size-default\">Portait de Chester Bennington<\/h2>\t\t\t\t<\/div>\n\t\t\t\t<div class=\"elementor-element elementor-element-2a10a3b elementor-widget elementor-widget-text-editor\" data-id=\"2a10a3b\" data-element_type=\"widget\" data-widget_type=\"text-editor.default\">\n\t\t\t\t\t\t\t\t\t<p data-start=\"176\" data-end=\"465\">Conception d\u2019un <strong data-start=\"192\" data-end=\"240\">portrait typographique de Chester Bennington<\/strong>, chanteur du groupe Linkin Park, r\u00e9alis\u00e9 avec <strong data-start=\"287\" data-end=\"300\">Photoshop<\/strong> et <strong data-start=\"304\" data-end=\"316\">InDesign<\/strong>.<\/p><p data-start=\"176\" data-end=\"465\"><br><\/p><p data-start=\"176\" data-end=\"465\">L\u2019\u0153uvre est compos\u00e9e de mots, de paroles et de titres li\u00e9s au groupe, formant un <strong data-start=\"401\" data-end=\"436\">hommage graphique et \u00e9motionnel<\/strong> o\u00f9 le texte devient image.<\/p><p data-start=\"176\" data-end=\"465\"><br><\/p>\n<p data-start=\"467\" data-end=\"639\">Ce projet m\u2019a permis d\u2019explorer la <strong data-start=\"502\" data-end=\"551\">typographie comme outil d\u2019expression visuelle<\/strong>, tout en perfectionnant mes comp\u00e9tences en <strong data-start=\"595\" data-end=\"636\">retouche, composition et mise en page<\/strong>.<\/p>\t\t\t\t\t\t\t\t<\/div>\n\t\t\t\t<div class=\"elementor-element elementor-element-2a03718 elementor-widget elementor-widget-heading\" data-id=\"2a03718\" data-element_type=\"widget\" data-widget_type=\"heading.default\">\n\t\t\t\t\t<h2 class=\"elementor-heading-title elementor-size-default\">les comp\u00e9tences utilis\u00e9es<\/h2>\t\t\t\t<\/div>\n\t\t\t\t<div class=\"elementor-element elementor-element-466d788 elementor-widget elementor-widget-html\" data-id=\"466d788\" data-element_type=\"widget\" data-widget_type=\"html.default\">\n\t\t\t\t\t<div class=\"skills-section\">\r\n  <div class=\"skill-card\">\r\n    <ul>\r\n      <li class=\"ic-photoshop\">Photoshop<\/li>\r\n      <li class=\"ic-indesign\">InDesign<\/li>\r\n    <\/ul>\r\n  <\/div>\r\n<\/div>\r\n\t\t\t\t<\/div>\n\t\t\t\t<div class=\"elementor-element elementor-element-008c6ed contact-btn elementor-align-center elementor-widget elementor-widget-button\" data-id=\"008c6ed\" data-element_type=\"widget\" data-widget_type=\"button.default\">\n\t\t\t\t\t\t\t\t\t\t<a class=\"elementor-button elementor-button-link elementor-size-sm\" href=\"https:\/\/mmonnin.eleves.mediamatique.ch\/images_eportfolio_lien\/chester_lettre.png\">\n\t\t\t\t\t\t<span class=\"elementor-button-content-wrapper\">\n\t\t\t\t\t\t\t\t\t<span class=\"elementor-button-text\">D\u00e9couvrir le projet complet<\/span>\n\t\t\t\t\t<\/span>\n\t\t\t\t\t<\/a>\n\t\t\t\t\t\t\t\t<\/div>\n\t\t\t\t<\/div>\n\t\t\t\t\t<\/div>\n\t\t\t\t<\/div>\n\t\t\t\t<\/div>\n\t\t","protected":false},"excerpt":{"rendered":"<p>Portait de Chester Bennington Conception d\u2019un portrait typographique de Chester Bennington, chanteur du groupe Linkin Park, r\u00e9alis\u00e9 avec Photoshop et InDesign. L\u2019\u0153uvre est compos\u00e9e de mots, de paroles et de titres li\u00e9s au groupe, formant un hommage graphique et \u00e9motionnel o\u00f9 le texte devient image. Ce projet m\u2019a permis d\u2019explorer la typographie comme outil d\u2019expression [&hellip;]<\/p>\n","protected":false},"author":1,"featured_media":0,"parent":0,"menu_order":0,"comment_status":"closed","ping_status":"closed","template":"","meta":{"footnotes":""},"class_list":["post-609","page","type-page","status-publish","hentry"],"yoast_head":"<!-- This site is optimized with the Yoast SEO plugin v26.0 - https:\/\/yoast.com\/wordpress\/plugins\/seo\/ -->\n<title>page_portait_chester - e-portfolio Matis Monnin<\/title>\n<meta name=\"description\" content=\"D\u00e9couvrez mon portrait typographique de Chester Bennington, cr\u00e9\u00e9 avec Photoshop et InDesign. Un hommage graphique et \u00e9motionnel.\" \/>\n<meta name=\"robots\" content=\"index, follow, max-snippet:-1, max-image-preview:large, max-video-preview:-1\" \/>\n<link rel=\"canonical\" href=\"https:\/\/mmonnin.eleves.mediamatique.ch\/eportfolio_matis_monnin\/portrait-chester-bennington\/\" \/>\n<meta property=\"og:locale\" content=\"fr_FR\" \/>\n<meta property=\"og:type\" content=\"article\" \/>\n<meta property=\"og:title\" content=\"page_portait_chester - e-portfolio Matis Monnin\" \/>\n<meta property=\"og:description\" content=\"D\u00e9couvrez mon portrait typographique de Chester Bennington, cr\u00e9\u00e9 avec Photoshop et InDesign. Un hommage graphique et \u00e9motionnel.\" \/>\n<meta property=\"og:url\" content=\"https:\/\/mmonnin.eleves.mediamatique.ch\/eportfolio_matis_monnin\/portrait-chester-bennington\/\" \/>\n<meta property=\"og:site_name\" content=\"e-portfolio matis monnin\" \/>\n<meta property=\"article:modified_time\" content=\"2025-11-19T12:40:48+00:00\" \/>\n<meta property=\"og:image\" content=\"https:\/\/mmonnin.eleves.mediamatique.ch\/eportfolio_matis_monnin\/wp-content\/uploads\/2025\/09\/chester-lettre-scaled.jpg\" \/>\n\t<meta property=\"og:image:width\" content=\"1810\" \/>\n\t<meta property=\"og:image:height\" content=\"2560\" \/>\n\t<meta property=\"og:image:type\" content=\"image\/jpeg\" \/>\n<meta name=\"twitter:card\" content=\"summary_large_image\" \/>\n<meta name=\"twitter:label1\" content=\"Dur\u00e9e de lecture estim\u00e9e\" \/>\n\t<meta name=\"twitter:data1\" content=\"1 minute\" \/>\n<script type=\"application\/ld+json\" class=\"yoast-schema-graph\">{\"@context\":\"https:\/\/schema.org\",\"@graph\":[{\"@type\":\"WebPage\",\"@id\":\"https:\/\/mmonnin.eleves.mediamatique.ch\/eportfolio_matis_monnin\/portrait-chester-bennington\/\",\"url\":\"https:\/\/mmonnin.eleves.mediamatique.ch\/eportfolio_matis_monnin\/portrait-chester-bennington\/\",\"name\":\"page_portait_chester - e-portfolio Matis Monnin\",\"isPartOf\":{\"@id\":\"https:\/\/mmonnin.eleves.mediamatique.ch\/eportfolio_matis_monnin\/#website\"},\"primaryImageOfPage\":{\"@id\":\"https:\/\/mmonnin.eleves.mediamatique.ch\/eportfolio_matis_monnin\/portrait-chester-bennington\/#primaryimage\"},\"image\":{\"@id\":\"https:\/\/mmonnin.eleves.mediamatique.ch\/eportfolio_matis_monnin\/portrait-chester-bennington\/#primaryimage\"},\"thumbnailUrl\":\"https:\/\/mmonnin.eleves.mediamatique.ch\/eportfolio_matis_monnin\/wp-content\/uploads\/2025\/09\/chester-lettre-724x1024.jpg\",\"datePublished\":\"2025-10-08T14:28:55+00:00\",\"dateModified\":\"2025-11-19T12:40:48+00:00\",\"description\":\"D\u00e9couvrez mon portrait typographique de Chester Bennington, cr\u00e9\u00e9 avec Photoshop et InDesign. Un hommage graphique et \u00e9motionnel.\",\"breadcrumb\":{\"@id\":\"https:\/\/mmonnin.eleves.mediamatique.ch\/eportfolio_matis_monnin\/portrait-chester-bennington\/#breadcrumb\"},\"inLanguage\":\"fr-FR\",\"potentialAction\":[{\"@type\":\"ReadAction\",\"target\":[\"https:\/\/mmonnin.eleves.mediamatique.ch\/eportfolio_matis_monnin\/portrait-chester-bennington\/\"]}]},{\"@type\":\"ImageObject\",\"inLanguage\":\"fr-FR\",\"@id\":\"https:\/\/mmonnin.eleves.mediamatique.ch\/eportfolio_matis_monnin\/portrait-chester-bennington\/#primaryimage\",\"url\":\"https:\/\/mmonnin.eleves.mediamatique.ch\/eportfolio_matis_monnin\/wp-content\/uploads\/2025\/09\/chester-lettre-scaled.jpg\",\"contentUrl\":\"https:\/\/mmonnin.eleves.mediamatique.ch\/eportfolio_matis_monnin\/wp-content\/uploads\/2025\/09\/chester-lettre-scaled.jpg\",\"width\":1810,\"height\":2560},{\"@type\":\"BreadcrumbList\",\"@id\":\"https:\/\/mmonnin.eleves.mediamatique.ch\/eportfolio_matis_monnin\/portrait-chester-bennington\/#breadcrumb\",\"itemListElement\":[{\"@type\":\"ListItem\",\"position\":1,\"name\":\"Accueil\",\"item\":\"https:\/\/mmonnin.eleves.mediamatique.ch\/eportfolio_matis_monnin\/\"},{\"@type\":\"ListItem\",\"position\":2,\"name\":\"page_portait_chester\"}]},{\"@type\":\"WebSite\",\"@id\":\"https:\/\/mmonnin.eleves.mediamatique.ch\/eportfolio_matis_monnin\/#website\",\"url\":\"https:\/\/mmonnin.eleves.mediamatique.ch\/eportfolio_matis_monnin\/\",\"name\":\"e-portfolio matis monnin\",\"description\":\"\",\"potentialAction\":[{\"@type\":\"SearchAction\",\"target\":{\"@type\":\"EntryPoint\",\"urlTemplate\":\"https:\/\/mmonnin.eleves.mediamatique.ch\/eportfolio_matis_monnin\/?s={search_term_string}\"},\"query-input\":{\"@type\":\"PropertyValueSpecification\",\"valueRequired\":true,\"valueName\":\"search_term_string\"}}],\"inLanguage\":\"fr-FR\"}]}<\/script>\n<!-- \/ Yoast SEO plugin. -->","yoast_head_json":{"title":"page_portait_chester - e-portfolio Matis Monnin","description":"D\u00e9couvrez mon portrait typographique de Chester Bennington, cr\u00e9\u00e9 avec Photoshop et InDesign. Un hommage graphique et \u00e9motionnel.","robots":{"index":"index","follow":"follow","max-snippet":"max-snippet:-1","max-image-preview":"max-image-preview:large","max-video-preview":"max-video-preview:-1"},"canonical":"https:\/\/mmonnin.eleves.mediamatique.ch\/eportfolio_matis_monnin\/portrait-chester-bennington\/","og_locale":"fr_FR","og_type":"article","og_title":"page_portait_chester - e-portfolio Matis Monnin","og_description":"D\u00e9couvrez mon portrait typographique de Chester Bennington, cr\u00e9\u00e9 avec Photoshop et InDesign. Un hommage graphique et \u00e9motionnel.","og_url":"https:\/\/mmonnin.eleves.mediamatique.ch\/eportfolio_matis_monnin\/portrait-chester-bennington\/","og_site_name":"e-portfolio matis monnin","article_modified_time":"2025-11-19T12:40:48+00:00","og_image":[{"width":1810,"height":2560,"url":"https:\/\/mmonnin.eleves.mediamatique.ch\/eportfolio_matis_monnin\/wp-content\/uploads\/2025\/09\/chester-lettre-scaled.jpg","type":"image\/jpeg"}],"twitter_card":"summary_large_image","twitter_misc":{"Dur\u00e9e de lecture estim\u00e9e":"1 minute"},"schema":{"@context":"https:\/\/schema.org","@graph":[{"@type":"WebPage","@id":"https:\/\/mmonnin.eleves.mediamatique.ch\/eportfolio_matis_monnin\/portrait-chester-bennington\/","url":"https:\/\/mmonnin.eleves.mediamatique.ch\/eportfolio_matis_monnin\/portrait-chester-bennington\/","name":"page_portait_chester - e-portfolio Matis Monnin","isPartOf":{"@id":"https:\/\/mmonnin.eleves.mediamatique.ch\/eportfolio_matis_monnin\/#website"},"primaryImageOfPage":{"@id":"https:\/\/mmonnin.eleves.mediamatique.ch\/eportfolio_matis_monnin\/portrait-chester-bennington\/#primaryimage"},"image":{"@id":"https:\/\/mmonnin.eleves.mediamatique.ch\/eportfolio_matis_monnin\/portrait-chester-bennington\/#primaryimage"},"thumbnailUrl":"https:\/\/mmonnin.eleves.mediamatique.ch\/eportfolio_matis_monnin\/wp-content\/uploads\/2025\/09\/chester-lettre-724x1024.jpg","datePublished":"2025-10-08T14:28:55+00:00","dateModified":"2025-11-19T12:40:48+00:00","description":"D\u00e9couvrez mon portrait typographique de Chester Bennington, cr\u00e9\u00e9 avec Photoshop et InDesign. Un hommage graphique et \u00e9motionnel.","breadcrumb":{"@id":"https:\/\/mmonnin.eleves.mediamatique.ch\/eportfolio_matis_monnin\/portrait-chester-bennington\/#breadcrumb"},"inLanguage":"fr-FR","potentialAction":[{"@type":"ReadAction","target":["https:\/\/mmonnin.eleves.mediamatique.ch\/eportfolio_matis_monnin\/portrait-chester-bennington\/"]}]},{"@type":"ImageObject","inLanguage":"fr-FR","@id":"https:\/\/mmonnin.eleves.mediamatique.ch\/eportfolio_matis_monnin\/portrait-chester-bennington\/#primaryimage","url":"https:\/\/mmonnin.eleves.mediamatique.ch\/eportfolio_matis_monnin\/wp-content\/uploads\/2025\/09\/chester-lettre-scaled.jpg","contentUrl":"https:\/\/mmonnin.eleves.mediamatique.ch\/eportfolio_matis_monnin\/wp-content\/uploads\/2025\/09\/chester-lettre-scaled.jpg","width":1810,"height":2560},{"@type":"BreadcrumbList","@id":"https:\/\/mmonnin.eleves.mediamatique.ch\/eportfolio_matis_monnin\/portrait-chester-bennington\/#breadcrumb","itemListElement":[{"@type":"ListItem","position":1,"name":"Accueil","item":"https:\/\/mmonnin.eleves.mediamatique.ch\/eportfolio_matis_monnin\/"},{"@type":"ListItem","position":2,"name":"page_portait_chester"}]},{"@type":"WebSite","@id":"https:\/\/mmonnin.eleves.mediamatique.ch\/eportfolio_matis_monnin\/#website","url":"https:\/\/mmonnin.eleves.mediamatique.ch\/eportfolio_matis_monnin\/","name":"e-portfolio matis monnin","description":"","potentialAction":[{"@type":"SearchAction","target":{"@type":"EntryPoint","urlTemplate":"https:\/\/mmonnin.eleves.mediamatique.ch\/eportfolio_matis_monnin\/?s={search_term_string}"},"query-input":{"@type":"PropertyValueSpecification","valueRequired":true,"valueName":"search_term_string"}}],"inLanguage":"fr-FR"}]}},"_links":{"self":[{"href":"https:\/\/mmonnin.eleves.mediamatique.ch\/eportfolio_matis_monnin\/wp-json\/wp\/v2\/pages\/609","targetHints":{"allow":["GET"]}}],"collection":[{"href":"https:\/\/mmonnin.eleves.mediamatique.ch\/eportfolio_matis_monnin\/wp-json\/wp\/v2\/pages"}],"about":[{"href":"https:\/\/mmonnin.eleves.mediamatique.ch\/eportfolio_matis_monnin\/wp-json\/wp\/v2\/types\/page"}],"author":[{"embeddable":true,"href":"https:\/\/mmonnin.eleves.mediamatique.ch\/eportfolio_matis_monnin\/wp-json\/wp\/v2\/users\/1"}],"replies":[{"embeddable":true,"href":"https:\/\/mmonnin.eleves.mediamatique.ch\/eportfolio_matis_monnin\/wp-json\/wp\/v2\/comments?post=609"}],"version-history":[{"count":31,"href":"https:\/\/mmonnin.eleves.mediamatique.ch\/eportfolio_matis_monnin\/wp-json\/wp\/v2\/pages\/609\/revisions"}],"predecessor-version":[{"id":1022,"href":"https:\/\/mmonnin.eleves.mediamatique.ch\/eportfolio_matis_monnin\/wp-json\/wp\/v2\/pages\/609\/revisions\/1022"}],"wp:attachment":[{"href":"https:\/\/mmonnin.eleves.mediamatique.ch\/eportfolio_matis_monnin\/wp-json\/wp\/v2\/media?parent=609"}],"curies":[{"name":"wp","href":"https:\/\/api.w.org\/{rel}","templated":true}]}}