{"id":595,"date":"2025-10-08T16:24:30","date_gmt":"2025-10-08T14:24:30","guid":{"rendered":"https:\/\/mmonnin.eleves.mediamatique.ch\/eportfolio_matis_monnin\/?page_id=595"},"modified":"2025-11-19T13:40:03","modified_gmt":"2025-11-19T12:40:03","slug":"projet-calendrier-collectif","status":"publish","type":"page","link":"https:\/\/mmonnin.eleves.mediamatique.ch\/eportfolio_matis_monnin\/projet-calendrier-collectif\/","title":{"rendered":"page_projet_calendrier"},"content":{"rendered":"\t\t<div data-elementor-type=\"wp-page\" data-elementor-id=\"595\" class=\"elementor elementor-595\" data-elementor-post-type=\"page\">\n\t\t\t\t<div class=\"elementor-element elementor-element-94304f7 e-flex e-con-boxed e-con e-parent\" data-id=\"94304f7\" data-element_type=\"container\" data-settings=\"{&quot;background_background&quot;:&quot;classic&quot;}\">\n\t\t\t\t\t<div class=\"e-con-inner\">\n\t\t<div class=\"elementor-element elementor-element-cad0011 e-con-full e-flex e-con e-child\" data-id=\"cad0011\" data-element_type=\"container\">\n\t\t\t\t<div class=\"elementor-element elementor-element-83110bb elementor-widget elementor-widget-image\" data-id=\"83110bb\" data-element_type=\"widget\" data-widget_type=\"image.default\">\n\t\t\t\t\t\t\t\t\t\t\t\t\t\t\t<img fetchpriority=\"high\" decoding=\"async\" width=\"625\" height=\"820\" src=\"https:\/\/mmonnin.eleves.mediamatique.ch\/eportfolio_matis_monnin\/wp-content\/uploads\/2025\/09\/Capture-decran-2025-09-24-145718.png\" class=\"attachment-large size-large wp-image-358\" alt=\"\" srcset=\"https:\/\/mmonnin.eleves.mediamatique.ch\/eportfolio_matis_monnin\/wp-content\/uploads\/2025\/09\/Capture-decran-2025-09-24-145718.png 625w, https:\/\/mmonnin.eleves.mediamatique.ch\/eportfolio_matis_monnin\/wp-content\/uploads\/2025\/09\/Capture-decran-2025-09-24-145718-229x300.png 229w\" sizes=\"(max-width: 625px) 100vw, 625px\" \/>\t\t\t\t\t\t\t\t\t\t\t\t\t\t\t<\/div>\n\t\t\t\t<\/div>\n\t\t<div class=\"elementor-element elementor-element-4727d41 e-con-full e-flex e-con e-child\" data-id=\"4727d41\" data-element_type=\"container\">\n\t\t\t\t<div class=\"elementor-element elementor-element-b47bfce elementor-widget elementor-widget-heading\" data-id=\"b47bfce\" data-element_type=\"widget\" data-widget_type=\"heading.default\">\n\t\t\t\t\t<h2 class=\"elementor-heading-title elementor-size-default\">Calendrier collectif<\/h2>\t\t\t\t<\/div>\n\t\t\t\t<div class=\"elementor-element elementor-element-d0310a4 elementor-widget elementor-widget-text-editor\" data-id=\"d0310a4\" data-element_type=\"widget\" data-widget_type=\"text-editor.default\">\n\t\t\t\t\t\t\t\t\t<p data-start=\"153\" data-end=\"457\">Dans le cadre d\u2019un <strong data-start=\"172\" data-end=\"192\">projet personnel<\/strong>, j\u2019ai con\u00e7u un outil num\u00e9rique destin\u00e9 \u00e0 <strong data-start=\"234\" data-end=\"253\">aider ma classe<\/strong> dans l\u2019organisation et le partage d\u2019informations.<br data-start=\"303\" data-end=\"306\" \/>Le projet combine <strong data-start=\"324\" data-end=\"340\">design UI\/UX<\/strong>, <strong data-start=\"342\" data-end=\"371\">d\u00e9veloppement en HTML\/CSS<\/strong> et l\u2019int\u00e9gration d\u2019une <strong data-start=\"395\" data-end=\"419\" data-is-only-node=\"\">mini base de donn\u00e9es<\/strong> pour stocker et g\u00e9rer les contenus.<\/p><p data-start=\"459\" data-end=\"721\">Ce travail m\u2019a permis de mettre en pratique mes comp\u00e9tences techniques tout en r\u00e9pondant \u00e0 un besoin concret du quotidien scolaire.<\/p><p data-start=\"459\" data-end=\"721\">Un projet \u00e0 la fois <strong data-start=\"613\" data-end=\"651\">utile, fonctionnel et collaboratif<\/strong>, qui refl\u00e8te mon envie de cr\u00e9er des solutions simples et efficaces.<\/p>\t\t\t\t\t\t\t\t<\/div>\n\t\t\t\t<div class=\"elementor-element elementor-element-4439524 elementor-widget elementor-widget-heading\" data-id=\"4439524\" data-element_type=\"widget\" data-widget_type=\"heading.default\">\n\t\t\t\t\t<h2 class=\"elementor-heading-title elementor-size-default\">les comp\u00e9tences utilis\u00e9es<\/h2>\t\t\t\t<\/div>\n\t\t\t\t<div class=\"elementor-element elementor-element-397ab15 elementor-widget elementor-widget-html\" data-id=\"397ab15\" data-element_type=\"widget\" data-widget_type=\"html.default\">\n\t\t\t\t\t<div class=\"skills-section\">\r\n  <div class=\"skill-card\">\r\n    <ul>\r\n      <li class=\"ic-htmlcss\">HTML5 \/ CSS3<\/li>\r\n      <li class=\"ic-js\">JavaScript<\/li>\r\n      <li class=\"ic-uiux\">UI \/ UX Design<\/li>\r\n    <\/ul>\r\n  <\/div>\r\n<\/div>\r\n\t\t\t\t<\/div>\n\t\t\t\t<div class=\"elementor-element elementor-element-db7c534 contact-btn elementor-align-center elementor-widget elementor-widget-button\" data-id=\"db7c534\" data-element_type=\"widget\" data-widget_type=\"button.default\">\n\t\t\t\t\t\t\t\t\t\t<a class=\"elementor-button elementor-button-link elementor-size-sm\" href=\"https:\/\/calendrier-collectif-ee7f2.web.app\/\" target=\"_blank\">\n\t\t\t\t\t\t<span class=\"elementor-button-content-wrapper\">\n\t\t\t\t\t\t\t\t\t<span class=\"elementor-button-text\">D\u00e9couvrir le projet complet<\/span>\n\t\t\t\t\t<\/span>\n\t\t\t\t\t<\/a>\n\t\t\t\t\t\t\t\t<\/div>\n\t\t\t\t<\/div>\n\t\t\t\t\t<\/div>\n\t\t\t\t<\/div>\n\t\t\t\t<\/div>\n\t\t","protected":false},"excerpt":{"rendered":"<p>Calendrier collectif Dans le cadre d\u2019un projet personnel, j\u2019ai con\u00e7u un outil num\u00e9rique destin\u00e9 \u00e0 aider ma classe dans l\u2019organisation et le partage d\u2019informations.Le projet combine design UI\/UX, d\u00e9veloppement en HTML\/CSS et l\u2019int\u00e9gration d\u2019une mini base de donn\u00e9es pour stocker et g\u00e9rer les contenus. Ce travail m\u2019a permis de mettre en pratique mes comp\u00e9tences techniques [&hellip;]<\/p>\n","protected":false},"author":1,"featured_media":0,"parent":0,"menu_order":0,"comment_status":"closed","ping_status":"closed","template":"","meta":{"footnotes":""},"class_list":["post-595","page","type-page","status-publish","hentry"],"yoast_head":"<!-- This site is optimized with the Yoast SEO plugin v26.0 - https:\/\/yoast.com\/wordpress\/plugins\/seo\/ -->\n<title>page_projet_calendrier - e-portfolio Matis Monnin<\/title>\n<meta name=\"description\" content=\"Cr\u00e9ation d\u2019un calendrier collectif interactif en HTML\/CSS, combinant design, d\u00e9veloppement web et travail collaboratif.\" \/>\n<meta name=\"robots\" content=\"index, follow, max-snippet:-1, max-image-preview:large, max-video-preview:-1\" \/>\n<link rel=\"canonical\" href=\"https:\/\/mmonnin.eleves.mediamatique.ch\/eportfolio_matis_monnin\/projet-calendrier-collectif\/\" \/>\n<meta property=\"og:locale\" content=\"fr_FR\" \/>\n<meta property=\"og:type\" content=\"article\" \/>\n<meta property=\"og:title\" content=\"page_projet_calendrier - e-portfolio Matis Monnin\" \/>\n<meta property=\"og:description\" content=\"Cr\u00e9ation d\u2019un calendrier collectif interactif en HTML\/CSS, combinant design, d\u00e9veloppement web et travail collaboratif.\" \/>\n<meta property=\"og:url\" content=\"https:\/\/mmonnin.eleves.mediamatique.ch\/eportfolio_matis_monnin\/projet-calendrier-collectif\/\" \/>\n<meta property=\"og:site_name\" content=\"e-portfolio matis monnin\" \/>\n<meta property=\"article:modified_time\" content=\"2025-11-19T12:40:03+00:00\" \/>\n<meta property=\"og:image\" content=\"https:\/\/mmonnin.eleves.mediamatique.ch\/eportfolio_matis_monnin\/wp-content\/uploads\/2025\/09\/Capture-decran-2025-09-24-145718.png\" \/>\n\t<meta property=\"og:image:width\" content=\"625\" \/>\n\t<meta property=\"og:image:height\" content=\"820\" \/>\n\t<meta property=\"og:image:type\" content=\"image\/png\" \/>\n<meta name=\"twitter:card\" content=\"summary_large_image\" \/>\n<meta name=\"twitter:label1\" content=\"Dur\u00e9e de lecture estim\u00e9e\" \/>\n\t<meta name=\"twitter:data1\" content=\"1 minute\" \/>\n<script type=\"application\/ld+json\" class=\"yoast-schema-graph\">{\"@context\":\"https:\/\/schema.org\",\"@graph\":[{\"@type\":\"WebPage\",\"@id\":\"https:\/\/mmonnin.eleves.mediamatique.ch\/eportfolio_matis_monnin\/projet-calendrier-collectif\/\",\"url\":\"https:\/\/mmonnin.eleves.mediamatique.ch\/eportfolio_matis_monnin\/projet-calendrier-collectif\/\",\"name\":\"page_projet_calendrier - e-portfolio Matis Monnin\",\"isPartOf\":{\"@id\":\"https:\/\/mmonnin.eleves.mediamatique.ch\/eportfolio_matis_monnin\/#website\"},\"primaryImageOfPage\":{\"@id\":\"https:\/\/mmonnin.eleves.mediamatique.ch\/eportfolio_matis_monnin\/projet-calendrier-collectif\/#primaryimage\"},\"image\":{\"@id\":\"https:\/\/mmonnin.eleves.mediamatique.ch\/eportfolio_matis_monnin\/projet-calendrier-collectif\/#primaryimage\"},\"thumbnailUrl\":\"https:\/\/mmonnin.eleves.mediamatique.ch\/eportfolio_matis_monnin\/wp-content\/uploads\/2025\/09\/Capture-decran-2025-09-24-145718.png\",\"datePublished\":\"2025-10-08T14:24:30+00:00\",\"dateModified\":\"2025-11-19T12:40:03+00:00\",\"description\":\"Cr\u00e9ation d\u2019un calendrier collectif interactif en HTML\/CSS, combinant design, d\u00e9veloppement web et travail collaboratif.\",\"breadcrumb\":{\"@id\":\"https:\/\/mmonnin.eleves.mediamatique.ch\/eportfolio_matis_monnin\/projet-calendrier-collectif\/#breadcrumb\"},\"inLanguage\":\"fr-FR\",\"potentialAction\":[{\"@type\":\"ReadAction\",\"target\":[\"https:\/\/mmonnin.eleves.mediamatique.ch\/eportfolio_matis_monnin\/projet-calendrier-collectif\/\"]}]},{\"@type\":\"ImageObject\",\"inLanguage\":\"fr-FR\",\"@id\":\"https:\/\/mmonnin.eleves.mediamatique.ch\/eportfolio_matis_monnin\/projet-calendrier-collectif\/#primaryimage\",\"url\":\"https:\/\/mmonnin.eleves.mediamatique.ch\/eportfolio_matis_monnin\/wp-content\/uploads\/2025\/09\/Capture-decran-2025-09-24-145718.png\",\"contentUrl\":\"https:\/\/mmonnin.eleves.mediamatique.ch\/eportfolio_matis_monnin\/wp-content\/uploads\/2025\/09\/Capture-decran-2025-09-24-145718.png\",\"width\":625,\"height\":820},{\"@type\":\"BreadcrumbList\",\"@id\":\"https:\/\/mmonnin.eleves.mediamatique.ch\/eportfolio_matis_monnin\/projet-calendrier-collectif\/#breadcrumb\",\"itemListElement\":[{\"@type\":\"ListItem\",\"position\":1,\"name\":\"Accueil\",\"item\":\"https:\/\/mmonnin.eleves.mediamatique.ch\/eportfolio_matis_monnin\/\"},{\"@type\":\"ListItem\",\"position\":2,\"name\":\"page_projet_calendrier\"}]},{\"@type\":\"WebSite\",\"@id\":\"https:\/\/mmonnin.eleves.mediamatique.ch\/eportfolio_matis_monnin\/#website\",\"url\":\"https:\/\/mmonnin.eleves.mediamatique.ch\/eportfolio_matis_monnin\/\",\"name\":\"e-portfolio matis monnin\",\"description\":\"\",\"potentialAction\":[{\"@type\":\"SearchAction\",\"target\":{\"@type\":\"EntryPoint\",\"urlTemplate\":\"https:\/\/mmonnin.eleves.mediamatique.ch\/eportfolio_matis_monnin\/?s={search_term_string}\"},\"query-input\":{\"@type\":\"PropertyValueSpecification\",\"valueRequired\":true,\"valueName\":\"search_term_string\"}}],\"inLanguage\":\"fr-FR\"}]}<\/script>\n<!-- \/ Yoast SEO plugin. -->","yoast_head_json":{"title":"page_projet_calendrier - e-portfolio Matis Monnin","description":"Cr\u00e9ation d\u2019un calendrier collectif interactif en HTML\/CSS, combinant design, d\u00e9veloppement web et travail collaboratif.","robots":{"index":"index","follow":"follow","max-snippet":"max-snippet:-1","max-image-preview":"max-image-preview:large","max-video-preview":"max-video-preview:-1"},"canonical":"https:\/\/mmonnin.eleves.mediamatique.ch\/eportfolio_matis_monnin\/projet-calendrier-collectif\/","og_locale":"fr_FR","og_type":"article","og_title":"page_projet_calendrier - e-portfolio Matis Monnin","og_description":"Cr\u00e9ation d\u2019un calendrier collectif interactif en HTML\/CSS, combinant design, d\u00e9veloppement web et travail collaboratif.","og_url":"https:\/\/mmonnin.eleves.mediamatique.ch\/eportfolio_matis_monnin\/projet-calendrier-collectif\/","og_site_name":"e-portfolio matis monnin","article_modified_time":"2025-11-19T12:40:03+00:00","og_image":[{"width":625,"height":820,"url":"https:\/\/mmonnin.eleves.mediamatique.ch\/eportfolio_matis_monnin\/wp-content\/uploads\/2025\/09\/Capture-decran-2025-09-24-145718.png","type":"image\/png"}],"twitter_card":"summary_large_image","twitter_misc":{"Dur\u00e9e de lecture estim\u00e9e":"1 minute"},"schema":{"@context":"https:\/\/schema.org","@graph":[{"@type":"WebPage","@id":"https:\/\/mmonnin.eleves.mediamatique.ch\/eportfolio_matis_monnin\/projet-calendrier-collectif\/","url":"https:\/\/mmonnin.eleves.mediamatique.ch\/eportfolio_matis_monnin\/projet-calendrier-collectif\/","name":"page_projet_calendrier - e-portfolio Matis Monnin","isPartOf":{"@id":"https:\/\/mmonnin.eleves.mediamatique.ch\/eportfolio_matis_monnin\/#website"},"primaryImageOfPage":{"@id":"https:\/\/mmonnin.eleves.mediamatique.ch\/eportfolio_matis_monnin\/projet-calendrier-collectif\/#primaryimage"},"image":{"@id":"https:\/\/mmonnin.eleves.mediamatique.ch\/eportfolio_matis_monnin\/projet-calendrier-collectif\/#primaryimage"},"thumbnailUrl":"https:\/\/mmonnin.eleves.mediamatique.ch\/eportfolio_matis_monnin\/wp-content\/uploads\/2025\/09\/Capture-decran-2025-09-24-145718.png","datePublished":"2025-10-08T14:24:30+00:00","dateModified":"2025-11-19T12:40:03+00:00","description":"Cr\u00e9ation d\u2019un calendrier collectif interactif en HTML\/CSS, combinant design, d\u00e9veloppement web et travail collaboratif.","breadcrumb":{"@id":"https:\/\/mmonnin.eleves.mediamatique.ch\/eportfolio_matis_monnin\/projet-calendrier-collectif\/#breadcrumb"},"inLanguage":"fr-FR","potentialAction":[{"@type":"ReadAction","target":["https:\/\/mmonnin.eleves.mediamatique.ch\/eportfolio_matis_monnin\/projet-calendrier-collectif\/"]}]},{"@type":"ImageObject","inLanguage":"fr-FR","@id":"https:\/\/mmonnin.eleves.mediamatique.ch\/eportfolio_matis_monnin\/projet-calendrier-collectif\/#primaryimage","url":"https:\/\/mmonnin.eleves.mediamatique.ch\/eportfolio_matis_monnin\/wp-content\/uploads\/2025\/09\/Capture-decran-2025-09-24-145718.png","contentUrl":"https:\/\/mmonnin.eleves.mediamatique.ch\/eportfolio_matis_monnin\/wp-content\/uploads\/2025\/09\/Capture-decran-2025-09-24-145718.png","width":625,"height":820},{"@type":"BreadcrumbList","@id":"https:\/\/mmonnin.eleves.mediamatique.ch\/eportfolio_matis_monnin\/projet-calendrier-collectif\/#breadcrumb","itemListElement":[{"@type":"ListItem","position":1,"name":"Accueil","item":"https:\/\/mmonnin.eleves.mediamatique.ch\/eportfolio_matis_monnin\/"},{"@type":"ListItem","position":2,"name":"page_projet_calendrier"}]},{"@type":"WebSite","@id":"https:\/\/mmonnin.eleves.mediamatique.ch\/eportfolio_matis_monnin\/#website","url":"https:\/\/mmonnin.eleves.mediamatique.ch\/eportfolio_matis_monnin\/","name":"e-portfolio matis monnin","description":"","potentialAction":[{"@type":"SearchAction","target":{"@type":"EntryPoint","urlTemplate":"https:\/\/mmonnin.eleves.mediamatique.ch\/eportfolio_matis_monnin\/?s={search_term_string}"},"query-input":{"@type":"PropertyValueSpecification","valueRequired":true,"valueName":"search_term_string"}}],"inLanguage":"fr-FR"}]}},"_links":{"self":[{"href":"https:\/\/mmonnin.eleves.mediamatique.ch\/eportfolio_matis_monnin\/wp-json\/wp\/v2\/pages\/595","targetHints":{"allow":["GET"]}}],"collection":[{"href":"https:\/\/mmonnin.eleves.mediamatique.ch\/eportfolio_matis_monnin\/wp-json\/wp\/v2\/pages"}],"about":[{"href":"https:\/\/mmonnin.eleves.mediamatique.ch\/eportfolio_matis_monnin\/wp-json\/wp\/v2\/types\/page"}],"author":[{"embeddable":true,"href":"https:\/\/mmonnin.eleves.mediamatique.ch\/eportfolio_matis_monnin\/wp-json\/wp\/v2\/users\/1"}],"replies":[{"embeddable":true,"href":"https:\/\/mmonnin.eleves.mediamatique.ch\/eportfolio_matis_monnin\/wp-json\/wp\/v2\/comments?post=595"}],"version-history":[{"count":40,"href":"https:\/\/mmonnin.eleves.mediamatique.ch\/eportfolio_matis_monnin\/wp-json\/wp\/v2\/pages\/595\/revisions"}],"predecessor-version":[{"id":1016,"href":"https:\/\/mmonnin.eleves.mediamatique.ch\/eportfolio_matis_monnin\/wp-json\/wp\/v2\/pages\/595\/revisions\/1016"}],"wp:attachment":[{"href":"https:\/\/mmonnin.eleves.mediamatique.ch\/eportfolio_matis_monnin\/wp-json\/wp\/v2\/media?parent=595"}],"curies":[{"name":"wp","href":"https:\/\/api.w.org\/{rel}","templated":true}]}}