{"id":522,"date":"2025-10-08T15:29:31","date_gmt":"2025-10-08T13:29:31","guid":{"rendered":"https:\/\/mmonnin.eleves.mediamatique.ch\/eportfolio_matis_monnin\/?page_id=522"},"modified":"2025-11-19T13:37:51","modified_gmt":"2025-11-19T12:37:51","slug":"affiche-journee-elegance","status":"publish","type":"page","link":"https:\/\/mmonnin.eleves.mediamatique.ch\/eportfolio_matis_monnin\/affiche-journee-elegance\/","title":{"rendered":"projet_journee_elegance"},"content":{"rendered":"\t\t<div data-elementor-type=\"wp-page\" data-elementor-id=\"522\" class=\"elementor elementor-522\" data-elementor-post-type=\"page\">\n\t\t\t\t<div class=\"elementor-element elementor-element-0e582e5 e-flex e-con-boxed e-con e-parent\" data-id=\"0e582e5\" data-element_type=\"container\" data-settings=\"{&quot;background_background&quot;:&quot;classic&quot;}\">\n\t\t\t\t\t<div class=\"e-con-inner\">\n\t\t<div class=\"elementor-element elementor-element-7f265e7 e-con-full e-flex e-con e-child\" data-id=\"7f265e7\" data-element_type=\"container\">\n\t\t\t\t<div class=\"elementor-element elementor-element-6b4c69a elementor-widget elementor-widget-image\" data-id=\"6b4c69a\" data-element_type=\"widget\" data-widget_type=\"image.default\">\n\t\t\t\t\t\t\t\t\t\t\t\t\t\t\t<img fetchpriority=\"high\" decoding=\"async\" width=\"724\" height=\"1024\" src=\"https:\/\/mmonnin.eleves.mediamatique.ch\/eportfolio_matis_monnin\/wp-content\/uploads\/2025\/09\/Elegance-1-Ste-Croix-724x1024.png\" class=\"attachment-large size-large wp-image-46\" alt=\"\" srcset=\"https:\/\/mmonnin.eleves.mediamatique.ch\/eportfolio_matis_monnin\/wp-content\/uploads\/2025\/09\/Elegance-1-Ste-Croix-724x1024.png 724w, https:\/\/mmonnin.eleves.mediamatique.ch\/eportfolio_matis_monnin\/wp-content\/uploads\/2025\/09\/Elegance-1-Ste-Croix-212x300.png 212w, https:\/\/mmonnin.eleves.mediamatique.ch\/eportfolio_matis_monnin\/wp-content\/uploads\/2025\/09\/Elegance-1-Ste-Croix-768x1086.png 768w, https:\/\/mmonnin.eleves.mediamatique.ch\/eportfolio_matis_monnin\/wp-content\/uploads\/2025\/09\/Elegance-1-Ste-Croix-1086x1536.png 1086w, https:\/\/mmonnin.eleves.mediamatique.ch\/eportfolio_matis_monnin\/wp-content\/uploads\/2025\/09\/Elegance-1-Ste-Croix-1448x2048.png 1448w, https:\/\/mmonnin.eleves.mediamatique.ch\/eportfolio_matis_monnin\/wp-content\/uploads\/2025\/09\/Elegance-1-Ste-Croix-scaled.png 1810w\" sizes=\"(max-width: 724px) 100vw, 724px\" \/>\t\t\t\t\t\t\t\t\t\t\t\t\t\t\t<\/div>\n\t\t\t\t<\/div>\n\t\t<div class=\"elementor-element elementor-element-4702b2c e-con-full e-flex e-con e-child\" data-id=\"4702b2c\" data-element_type=\"container\">\n\t\t\t\t<div class=\"elementor-element elementor-element-80acf7f elementor-widget elementor-widget-heading\" data-id=\"80acf7f\" data-element_type=\"widget\" data-widget_type=\"heading.default\">\n\t\t\t\t\t<h2 class=\"elementor-heading-title elementor-size-default\">Affiche Journ\u00e9e de l'\u00c9l\u00e9gance<\/h2>\t\t\t\t<\/div>\n\t\t\t\t<div class=\"elementor-element elementor-element-99cf5d8 elementor-widget elementor-widget-text-editor\" data-id=\"99cf5d8\" data-element_type=\"widget\" data-widget_type=\"text-editor.default\">\n\t\t\t\t\t\t\t\t\t<p>Dans le cadre d\u2019un concours organis\u00e9 en premi\u00e8re ann\u00e9e, j\u2019ai r\u00e9alis\u00e9 une affiche pour <strong data-start=\"203\" data-end=\"231\">la journ\u00e9e de l\u2019\u00e9l\u00e9gance<\/strong>. Le th\u00e8me \u00e9tait libre, mais il fallait que la cr\u00e9ation <strong data-start=\"287\" data-end=\"309\">refl\u00e8te l\u2019\u00e9l\u00e9gance<\/strong>, aussi bien dans le fond que dans la forme.&nbsp;<\/p><p><br><\/p><p>J\u2019ai choisi de travailler sur une composition simple et harmonieuse, avec des couleurs sobres et une typographie soign\u00e9e, pour transmettre une id\u00e9e de raffinement sans en faire trop.<\/p><p><br><\/p><p>&nbsp;Ce projet m\u2019a permis de mettre en pratique mes comp\u00e9tences en <strong data-start=\"602\" data-end=\"622\">design graphique.&nbsp;<span style=\"font-weight: 400;\">Mon affiche a \u00e9t\u00e9 <\/span><strong data-start=\"812\" data-end=\"843\">s\u00e9lectionn\u00e9e et r\u00e9compens\u00e9e<\/strong><span style=\"font-weight: 400;\">, ce qui m\u2019a rendu tr\u00e8s fier de mon travail.<\/span><br><\/strong><\/p>\t\t\t\t\t\t\t\t<\/div>\n\t\t\t\t<div class=\"elementor-element elementor-element-56eab46 elementor-widget elementor-widget-heading\" data-id=\"56eab46\" data-element_type=\"widget\" data-widget_type=\"heading.default\">\n\t\t\t\t\t<h2 class=\"elementor-heading-title elementor-size-default\">les comp\u00e9tences utilis\u00e9es<\/h2>\t\t\t\t<\/div>\n\t\t\t\t<div class=\"elementor-element elementor-element-70baf09 elementor-widget elementor-widget-html\" data-id=\"70baf09\" data-element_type=\"widget\" data-widget_type=\"html.default\">\n\t\t\t\t\t<div class=\"skills-section\">\r\n  <div class=\"skill-card\">\r\n    <ul>\r\n      <li class=\"ic-indesign\">InDesign<\/li>\r\n    <\/ul>\r\n  <\/div>\r\n<\/div>\r\n\t\t\t\t<\/div>\n\t\t\t\t<div class=\"elementor-element elementor-element-f97043d contact-btn elementor-align-center elementor-widget elementor-widget-button\" data-id=\"f97043d\" data-element_type=\"widget\" data-widget_type=\"button.default\">\n\t\t\t\t\t\t\t\t\t\t<a class=\"elementor-button elementor-button-link elementor-size-sm\" href=\"https:\/\/mmonnin.eleves.mediamatique.ch\/affiche_journee_elegance\/journee_de_elegance.pdf\" target=\"_blank\">\n\t\t\t\t\t\t<span class=\"elementor-button-content-wrapper\">\n\t\t\t\t\t\t\t\t\t<span class=\"elementor-button-text\">D\u00e9couvrir le projet complet<\/span>\n\t\t\t\t\t<\/span>\n\t\t\t\t\t<\/a>\n\t\t\t\t\t\t\t\t<\/div>\n\t\t\t\t<\/div>\n\t\t\t\t\t<\/div>\n\t\t\t\t<\/div>\n\t\t\t\t<\/div>\n\t\t","protected":false},"excerpt":{"rendered":"<p>Affiche Journ\u00e9e de l&rsquo;\u00c9l\u00e9gance Dans le cadre d\u2019un concours organis\u00e9 en premi\u00e8re ann\u00e9e, j\u2019ai r\u00e9alis\u00e9 une affiche pour la journ\u00e9e de l\u2019\u00e9l\u00e9gance. Le th\u00e8me \u00e9tait libre, mais il fallait que la cr\u00e9ation refl\u00e8te l\u2019\u00e9l\u00e9gance, aussi bien dans le fond que dans la forme.&nbsp; J\u2019ai choisi de travailler sur une composition simple et harmonieuse, avec des [&hellip;]<\/p>\n","protected":false},"author":1,"featured_media":0,"parent":0,"menu_order":0,"comment_status":"closed","ping_status":"closed","template":"","meta":{"footnotes":""},"class_list":["post-522","page","type-page","status-publish","hentry"],"yoast_head":"<!-- This site is optimized with the Yoast SEO plugin v26.0 - https:\/\/yoast.com\/wordpress\/plugins\/seo\/ -->\n<title>projet_journee_elegance - e-portfolio Matis Monnin<\/title>\n<meta name=\"description\" content=\"Cr\u00e9ation d\u2019une affiche pour la Journ\u00e9e de l\u2019\u00e9l\u00e9gance, combinant typographie moderne et mise en page soign\u00e9e sous Adobe InDesign.\" \/>\n<meta name=\"robots\" content=\"index, follow, max-snippet:-1, max-image-preview:large, max-video-preview:-1\" \/>\n<link rel=\"canonical\" href=\"https:\/\/mmonnin.eleves.mediamatique.ch\/eportfolio_matis_monnin\/affiche-journee-elegance\/\" \/>\n<meta property=\"og:locale\" content=\"fr_FR\" \/>\n<meta property=\"og:type\" content=\"article\" \/>\n<meta property=\"og:title\" content=\"projet_journee_elegance - e-portfolio Matis Monnin\" \/>\n<meta property=\"og:description\" content=\"Cr\u00e9ation d\u2019une affiche pour la Journ\u00e9e de l\u2019\u00e9l\u00e9gance, combinant typographie moderne et mise en page soign\u00e9e sous Adobe InDesign.\" \/>\n<meta property=\"og:url\" content=\"https:\/\/mmonnin.eleves.mediamatique.ch\/eportfolio_matis_monnin\/affiche-journee-elegance\/\" \/>\n<meta property=\"og:site_name\" content=\"e-portfolio matis monnin\" \/>\n<meta property=\"article:modified_time\" content=\"2025-11-19T12:37:51+00:00\" \/>\n<meta property=\"og:image\" content=\"https:\/\/mmonnin.eleves.mediamatique.ch\/eportfolio_matis_monnin\/wp-content\/uploads\/2025\/09\/Elegance-1-Ste-Croix-724x1024.png\" \/>\n\t<meta property=\"og:image:width\" content=\"724\" \/>\n\t<meta property=\"og:image:height\" content=\"1024\" \/>\n\t<meta property=\"og:image:type\" content=\"image\/png\" \/>\n<meta name=\"twitter:card\" content=\"summary_large_image\" \/>\n<meta name=\"twitter:label1\" content=\"Dur\u00e9e de lecture estim\u00e9e\" \/>\n\t<meta name=\"twitter:data1\" content=\"1 minute\" \/>\n<script type=\"application\/ld+json\" class=\"yoast-schema-graph\">{\"@context\":\"https:\/\/schema.org\",\"@graph\":[{\"@type\":\"WebPage\",\"@id\":\"https:\/\/mmonnin.eleves.mediamatique.ch\/eportfolio_matis_monnin\/affiche-journee-elegance\/\",\"url\":\"https:\/\/mmonnin.eleves.mediamatique.ch\/eportfolio_matis_monnin\/affiche-journee-elegance\/\",\"name\":\"projet_journee_elegance - e-portfolio Matis Monnin\",\"isPartOf\":{\"@id\":\"https:\/\/mmonnin.eleves.mediamatique.ch\/eportfolio_matis_monnin\/#website\"},\"primaryImageOfPage\":{\"@id\":\"https:\/\/mmonnin.eleves.mediamatique.ch\/eportfolio_matis_monnin\/affiche-journee-elegance\/#primaryimage\"},\"image\":{\"@id\":\"https:\/\/mmonnin.eleves.mediamatique.ch\/eportfolio_matis_monnin\/affiche-journee-elegance\/#primaryimage\"},\"thumbnailUrl\":\"https:\/\/mmonnin.eleves.mediamatique.ch\/eportfolio_matis_monnin\/wp-content\/uploads\/2025\/09\/Elegance-1-Ste-Croix-724x1024.png\",\"datePublished\":\"2025-10-08T13:29:31+00:00\",\"dateModified\":\"2025-11-19T12:37:51+00:00\",\"description\":\"Cr\u00e9ation d\u2019une affiche pour la Journ\u00e9e de l\u2019\u00e9l\u00e9gance, combinant typographie moderne et mise en page soign\u00e9e sous Adobe InDesign.\",\"breadcrumb\":{\"@id\":\"https:\/\/mmonnin.eleves.mediamatique.ch\/eportfolio_matis_monnin\/affiche-journee-elegance\/#breadcrumb\"},\"inLanguage\":\"fr-FR\",\"potentialAction\":[{\"@type\":\"ReadAction\",\"target\":[\"https:\/\/mmonnin.eleves.mediamatique.ch\/eportfolio_matis_monnin\/affiche-journee-elegance\/\"]}]},{\"@type\":\"ImageObject\",\"inLanguage\":\"fr-FR\",\"@id\":\"https:\/\/mmonnin.eleves.mediamatique.ch\/eportfolio_matis_monnin\/affiche-journee-elegance\/#primaryimage\",\"url\":\"https:\/\/mmonnin.eleves.mediamatique.ch\/eportfolio_matis_monnin\/wp-content\/uploads\/2025\/09\/Elegance-1-Ste-Croix-scaled.png\",\"contentUrl\":\"https:\/\/mmonnin.eleves.mediamatique.ch\/eportfolio_matis_monnin\/wp-content\/uploads\/2025\/09\/Elegance-1-Ste-Croix-scaled.png\",\"width\":1810,\"height\":2560},{\"@type\":\"BreadcrumbList\",\"@id\":\"https:\/\/mmonnin.eleves.mediamatique.ch\/eportfolio_matis_monnin\/affiche-journee-elegance\/#breadcrumb\",\"itemListElement\":[{\"@type\":\"ListItem\",\"position\":1,\"name\":\"Accueil\",\"item\":\"https:\/\/mmonnin.eleves.mediamatique.ch\/eportfolio_matis_monnin\/\"},{\"@type\":\"ListItem\",\"position\":2,\"name\":\"projet_journee_elegance\"}]},{\"@type\":\"WebSite\",\"@id\":\"https:\/\/mmonnin.eleves.mediamatique.ch\/eportfolio_matis_monnin\/#website\",\"url\":\"https:\/\/mmonnin.eleves.mediamatique.ch\/eportfolio_matis_monnin\/\",\"name\":\"e-portfolio matis monnin\",\"description\":\"\",\"potentialAction\":[{\"@type\":\"SearchAction\",\"target\":{\"@type\":\"EntryPoint\",\"urlTemplate\":\"https:\/\/mmonnin.eleves.mediamatique.ch\/eportfolio_matis_monnin\/?s={search_term_string}\"},\"query-input\":{\"@type\":\"PropertyValueSpecification\",\"valueRequired\":true,\"valueName\":\"search_term_string\"}}],\"inLanguage\":\"fr-FR\"}]}<\/script>\n<!-- \/ Yoast SEO plugin. -->","yoast_head_json":{"title":"projet_journee_elegance - e-portfolio Matis Monnin","description":"Cr\u00e9ation d\u2019une affiche pour la Journ\u00e9e de l\u2019\u00e9l\u00e9gance, combinant typographie moderne et mise en page soign\u00e9e sous Adobe InDesign.","robots":{"index":"index","follow":"follow","max-snippet":"max-snippet:-1","max-image-preview":"max-image-preview:large","max-video-preview":"max-video-preview:-1"},"canonical":"https:\/\/mmonnin.eleves.mediamatique.ch\/eportfolio_matis_monnin\/affiche-journee-elegance\/","og_locale":"fr_FR","og_type":"article","og_title":"projet_journee_elegance - e-portfolio Matis Monnin","og_description":"Cr\u00e9ation d\u2019une affiche pour la Journ\u00e9e de l\u2019\u00e9l\u00e9gance, combinant typographie moderne et mise en page soign\u00e9e sous Adobe InDesign.","og_url":"https:\/\/mmonnin.eleves.mediamatique.ch\/eportfolio_matis_monnin\/affiche-journee-elegance\/","og_site_name":"e-portfolio matis monnin","article_modified_time":"2025-11-19T12:37:51+00:00","og_image":[{"width":724,"height":1024,"url":"https:\/\/mmonnin.eleves.mediamatique.ch\/eportfolio_matis_monnin\/wp-content\/uploads\/2025\/09\/Elegance-1-Ste-Croix-724x1024.png","type":"image\/png"}],"twitter_card":"summary_large_image","twitter_misc":{"Dur\u00e9e de lecture estim\u00e9e":"1 minute"},"schema":{"@context":"https:\/\/schema.org","@graph":[{"@type":"WebPage","@id":"https:\/\/mmonnin.eleves.mediamatique.ch\/eportfolio_matis_monnin\/affiche-journee-elegance\/","url":"https:\/\/mmonnin.eleves.mediamatique.ch\/eportfolio_matis_monnin\/affiche-journee-elegance\/","name":"projet_journee_elegance - e-portfolio Matis Monnin","isPartOf":{"@id":"https:\/\/mmonnin.eleves.mediamatique.ch\/eportfolio_matis_monnin\/#website"},"primaryImageOfPage":{"@id":"https:\/\/mmonnin.eleves.mediamatique.ch\/eportfolio_matis_monnin\/affiche-journee-elegance\/#primaryimage"},"image":{"@id":"https:\/\/mmonnin.eleves.mediamatique.ch\/eportfolio_matis_monnin\/affiche-journee-elegance\/#primaryimage"},"thumbnailUrl":"https:\/\/mmonnin.eleves.mediamatique.ch\/eportfolio_matis_monnin\/wp-content\/uploads\/2025\/09\/Elegance-1-Ste-Croix-724x1024.png","datePublished":"2025-10-08T13:29:31+00:00","dateModified":"2025-11-19T12:37:51+00:00","description":"Cr\u00e9ation d\u2019une affiche pour la Journ\u00e9e de l\u2019\u00e9l\u00e9gance, combinant typographie moderne et mise en page soign\u00e9e sous Adobe InDesign.","breadcrumb":{"@id":"https:\/\/mmonnin.eleves.mediamatique.ch\/eportfolio_matis_monnin\/affiche-journee-elegance\/#breadcrumb"},"inLanguage":"fr-FR","potentialAction":[{"@type":"ReadAction","target":["https:\/\/mmonnin.eleves.mediamatique.ch\/eportfolio_matis_monnin\/affiche-journee-elegance\/"]}]},{"@type":"ImageObject","inLanguage":"fr-FR","@id":"https:\/\/mmonnin.eleves.mediamatique.ch\/eportfolio_matis_monnin\/affiche-journee-elegance\/#primaryimage","url":"https:\/\/mmonnin.eleves.mediamatique.ch\/eportfolio_matis_monnin\/wp-content\/uploads\/2025\/09\/Elegance-1-Ste-Croix-scaled.png","contentUrl":"https:\/\/mmonnin.eleves.mediamatique.ch\/eportfolio_matis_monnin\/wp-content\/uploads\/2025\/09\/Elegance-1-Ste-Croix-scaled.png","width":1810,"height":2560},{"@type":"BreadcrumbList","@id":"https:\/\/mmonnin.eleves.mediamatique.ch\/eportfolio_matis_monnin\/affiche-journee-elegance\/#breadcrumb","itemListElement":[{"@type":"ListItem","position":1,"name":"Accueil","item":"https:\/\/mmonnin.eleves.mediamatique.ch\/eportfolio_matis_monnin\/"},{"@type":"ListItem","position":2,"name":"projet_journee_elegance"}]},{"@type":"WebSite","@id":"https:\/\/mmonnin.eleves.mediamatique.ch\/eportfolio_matis_monnin\/#website","url":"https:\/\/mmonnin.eleves.mediamatique.ch\/eportfolio_matis_monnin\/","name":"e-portfolio matis monnin","description":"","potentialAction":[{"@type":"SearchAction","target":{"@type":"EntryPoint","urlTemplate":"https:\/\/mmonnin.eleves.mediamatique.ch\/eportfolio_matis_monnin\/?s={search_term_string}"},"query-input":{"@type":"PropertyValueSpecification","valueRequired":true,"valueName":"search_term_string"}}],"inLanguage":"fr-FR"}]}},"_links":{"self":[{"href":"https:\/\/mmonnin.eleves.mediamatique.ch\/eportfolio_matis_monnin\/wp-json\/wp\/v2\/pages\/522","targetHints":{"allow":["GET"]}}],"collection":[{"href":"https:\/\/mmonnin.eleves.mediamatique.ch\/eportfolio_matis_monnin\/wp-json\/wp\/v2\/pages"}],"about":[{"href":"https:\/\/mmonnin.eleves.mediamatique.ch\/eportfolio_matis_monnin\/wp-json\/wp\/v2\/types\/page"}],"author":[{"embeddable":true,"href":"https:\/\/mmonnin.eleves.mediamatique.ch\/eportfolio_matis_monnin\/wp-json\/wp\/v2\/users\/1"}],"replies":[{"embeddable":true,"href":"https:\/\/mmonnin.eleves.mediamatique.ch\/eportfolio_matis_monnin\/wp-json\/wp\/v2\/comments?post=522"}],"version-history":[{"count":64,"href":"https:\/\/mmonnin.eleves.mediamatique.ch\/eportfolio_matis_monnin\/wp-json\/wp\/v2\/pages\/522\/revisions"}],"predecessor-version":[{"id":1001,"href":"https:\/\/mmonnin.eleves.mediamatique.ch\/eportfolio_matis_monnin\/wp-json\/wp\/v2\/pages\/522\/revisions\/1001"}],"wp:attachment":[{"href":"https:\/\/mmonnin.eleves.mediamatique.ch\/eportfolio_matis_monnin\/wp-json\/wp\/v2\/media?parent=522"}],"curies":[{"name":"wp","href":"https:\/\/api.w.org\/{rel}","templated":true}]}}